{"id":4842,"date":"2023-05-13T22:27:26","date_gmt":"2023-05-13T15:27:26","guid":{"rendered":"https:\/\/brandlaw.vn\/?page_id=4842"},"modified":"2024-02-28T15:40:47","modified_gmt":"2024-02-28T08:40:47","slug":"doi-ngu","status":"publish","type":"page","link":"https:\/\/brandlaw.vn\/us\/gioi-thieu-brandlaw\/doi-ngu\/","title":{"rendered":"Team"},"content":{"rendered":"<section class=\"section\" id=\"section_1880080863\">\n\t\t<div class=\"bg section-bg fill bg-fill  bg-loaded\" >\n\n\t\t\t\n\t\t\t\n\t\t\t\n\n\t\t<\/div>\n\n\t\t\n\n\t\t<div class=\"section-content relative\">\n\t\t\t\n\n<div class=\"row\"  id=\"row-1944960265\">\n\n\n\t<div id=\"col-1016548318\" class=\"col small-12 large-12\"  >\n\t\t\t\t<div class=\"col-inner text-center\"  >\n\t\t\t\n\t\t\t\n\n<h2>MEET THE EXPERTS AND PROFESSIONALS<\/h2>\n<p>A team of experts with thorough training, in-depth legal qualifications and many years of experience<\/p>\n\n\t\t<\/div>\n\t\t\t\t\t<\/div>\n\n\t\n\n<\/div>\n<div class=\"row\"  id=\"row-1266216650\">\n\n\n\t<div id=\"col-1525005850\" class=\"col medium-3 small-12 large-3\"  >\n\t\t\t\t<div class=\"col-inner text-left\"  >\n\t\t\t\n\t\t\t\n\n\t<div class=\"box has-hover   has-hover box-overlay dark box-text-bottom\" >\n\n\t\t<div class=\"box-image\" >\n\t\t\t\t\t\t<div class=\"image-overlay-add image-cover\" style=\"padding-top:100%;\">\n\t\t\t\t<img loading=\"lazy\" decoding=\"async\" width=\"400\" height=\"400\" src=\"https:\/\/brandlaw.vn\/wp-content\/uploads\/2023\/04\/member-01.png\" class=\"attachment- size-\" alt=\"Tr\u1ea7n \u0110\u1ee9c Hi\u1ec7p CEO - Gi\u00e1m \u0111\u1ed1c \u0111i\u1ec1u h\u00e0nh Th\u1ea1c s\u0129, Gi\u1ea3ng vi\u00ean Lu\u1eadt\" srcset=\"https:\/\/brandlaw.vn\/wp-content\/uploads\/2023\/04\/member-01.png 400w, https:\/\/brandlaw.vn\/wp-content\/uploads\/2023\/04\/member-01-300x300.png 300w, https:\/\/brandlaw.vn\/wp-content\/uploads\/2023\/04\/member-01-150x150.png 150w\" sizes=\"auto, (max-width: 400px) 100vw, 400px\" title=\"\">\t\t\t\t<div class=\"overlay\" style=\"background-color:rgba(28, 28, 28, 0.5)\"><\/div>\t\t\t\t\t\t\t<\/div>\n\t\t\t\t\t<\/div>\n\n\t\t<div class=\"box-text show-on-hover hover-slide text-left\" style=\"padding:20px 20px 20px 20px;\">\n\t\t\t<div class=\"box-text-inner\">\n\t\t\t\t\n\n<p>An expert with 14 years of experience in the field of management, consulting for large-scale organizations such as universities, hospitals, and enterprises. In addition, he is also an authorized representative in many civil and commercial cases. He also participates in managing or teaching for many prestigious universities such as Ho Chi Minh City University of Law, Hoa Sen, Hong Bang, Binh Duong, Culture, and the Training Institute of Ho Chi Minh City University of Economics.\u00a0<\/p>\n<p>Mr. Hiep is a legal advisor in the fields of: Commercial, Civil, International.<\/p>\n\n\t\t\t<\/div>\n\t\t<\/div>\n\t<\/div>\n\t\n\t<div id=\"gap-1973676383\" class=\"gap-element clearfix\" style=\"display:block; height:auto;\">\n\t\t\n<style>\n#gap-1973676383 {\n  padding-top: 20px;\n}\n<\/style>\n\t<\/div>\n\t\n\n\t<div id=\"text-2989009917\" class=\"text\">\n\t\t\n\n<p style=\"margin-bottom:0px;\">CEO and Founder<\/p>\n\t\t\n<style>\n#text-2989009917 {\n  font-size: 0.85rem;\n}\n<\/style>\n\t<\/div>\n\t\n\t<div id=\"text-1254484462\" class=\"text\">\n\t\t\n\n<h3><span class=\"bdt-member-name\">Tran Duc Hiep<\/span><\/h3>\n<div class=\"bdt-member-text bdt-content-wrap\">Master, Lecturer of Law<\/div>\n\t\t\n<style>\n#text-1254484462 {\n  font-size: 1rem;\n  line-height: 1;\n}\n<\/style>\n\t<\/div>\n\t\n<div class=\"social-icons follow-icons\" style=\"font-size:90%\"><a href=\"#\" target=\"_blank\" data-label=\"Twitter\" rel=\"noopener noreferrer nofollow\" class=\"icon plain  twitter tooltip\" title=\"Follow on Twitter\" aria-label=\"Follow on Twitter\"><i class=\"icon-twitter\" ><\/i><\/a><a href=\"tel:#\" target=\"_blank\" data-label=\"Phone\" rel=\"noopener noreferrer nofollow\" class=\"icon plain  phone tooltip\" title=\"Call us\" aria-label=\"Call us\"><i class=\"icon-phone\" ><\/i><\/a><a href=\"#\" target=\"_blank\" rel=\"noopener noreferrer nofollow\" data-label=\"LinkedIn\" class=\"icon plain  linkedin tooltip\" title=\"Follow on LinkedIn\" aria-label=\"Follow on LinkedIn\"><i class=\"icon-linkedin\" ><\/i><\/a><\/div>\n\n\n\t\t<\/div>\n\t\t\t\t\t<\/div>\n\n\t\n\n\t<div id=\"col-846365371\" class=\"col medium-3 small-12 large-3\"  >\n\t\t\t\t<div class=\"col-inner text-left\"  >\n\t\t\t\n\t\t\t\n\n\t<div class=\"box has-hover   has-hover box-overlay dark box-text-bottom\" >\n\n\t\t<div class=\"box-image\" >\n\t\t\t\t\t\t<div class=\"image-overlay-add image-cover\" style=\"padding-top:100%;\">\n\t\t\t\t<img loading=\"lazy\" decoding=\"async\" width=\"400\" height=\"400\" src=\"https:\/\/brandlaw.vn\/wp-content\/uploads\/2023\/04\/member-02.png\" class=\"attachment- size-\" alt=\"Nguy\u1ec5n V\u0103n Ti\u1ebfn CO Founder - \u0110\u1ed3ng s\u00e1ng l\u1eadp Lu\u1eadt s\u01b0 - C\u1ed1 v\u1ea5n\" srcset=\"https:\/\/brandlaw.vn\/wp-content\/uploads\/2023\/04\/member-02.png 400w, https:\/\/brandlaw.vn\/wp-content\/uploads\/2023\/04\/member-02-300x300.png 300w, https:\/\/brandlaw.vn\/wp-content\/uploads\/2023\/04\/member-02-150x150.png 150w\" sizes=\"auto, (max-width: 400px) 100vw, 400px\" title=\"\">\t\t\t\t<div class=\"overlay\" style=\"background-color:rgba(28, 28, 28, 0.5)\"><\/div>\t\t\t\t\t\t\t<\/div>\n\t\t\t\t\t<\/div>\n\n\t\t<div class=\"box-text show-on-hover hover-slide text-left\" style=\"padding:20px 20px 20px 20px;\">\n\t\t\t<div class=\"box-text-inner\">\n\t\t\t\t\n\n<p>Lawyer, Master Nguyen Van Tien is an expert with 15 years of experience in consulting on civil and land cases; and is also a lawyer participating in defending litigants in criminal and civil cases.\u00a0<\/p>\n\n\t\t\t<\/div>\n\t\t<\/div>\n\t<\/div>\n\t\n\t<div id=\"gap-683768180\" class=\"gap-element clearfix\" style=\"display:block; height:auto;\">\n\t\t\n<style>\n#gap-683768180 {\n  padding-top: 20px;\n}\n<\/style>\n\t<\/div>\n\t\n\n\t<div id=\"text-2137002659\" class=\"text\">\n\t\t\n\n<p style=\"margin-bottom: 0px;\"><span class=\"bdt-member-role\">CO Founder \u2013 Co-Founder<\/span><\/p>\n\t\t\n<style>\n#text-2137002659 {\n  font-size: 0.85rem;\n}\n<\/style>\n\t<\/div>\n\t\n\t<div id=\"text-916794090\" class=\"text\">\n\t\t\n\n<h3><span class=\"bdt-member-name\">Nguyen Van Tien<\/span><\/h3>\n<div class=\"bdt-member-text bdt-content-wrap\">Master, Lawyer \u2013 Consultant<\/div>\n\t\t\n<style>\n#text-916794090 {\n  font-size: 1rem;\n  line-height: 1;\n}\n<\/style>\n\t<\/div>\n\t\n<div class=\"social-icons follow-icons\" style=\"font-size:90%\"><a href=\"#\" target=\"_blank\" data-label=\"Twitter\" rel=\"noopener noreferrer nofollow\" class=\"icon plain  twitter tooltip\" title=\"Follow on Twitter\" aria-label=\"Follow on Twitter\"><i class=\"icon-twitter\" ><\/i><\/a><a href=\"tel:#\" target=\"_blank\" data-label=\"Phone\" rel=\"noopener noreferrer nofollow\" class=\"icon plain  phone tooltip\" title=\"Call us\" aria-label=\"Call us\"><i class=\"icon-phone\" ><\/i><\/a><a href=\"#\" target=\"_blank\" rel=\"noopener noreferrer nofollow\" data-label=\"LinkedIn\" class=\"icon plain  linkedin tooltip\" title=\"Follow on LinkedIn\" aria-label=\"Follow on LinkedIn\"><i class=\"icon-linkedin\" ><\/i><\/a><\/div>\n\n\n\t\t<\/div>\n\t\t\t\t\t<\/div>\n\n\t\n\n\t<div id=\"col-1987133608\" class=\"col medium-3 small-12 large-3\"  >\n\t\t\t\t<div class=\"col-inner text-left\"  >\n\t\t\t\n\t\t\t\n\n\t<div class=\"box has-hover   has-hover box-overlay dark box-text-bottom\" >\n\n\t\t<div class=\"box-image\" >\n\t\t\t\t\t\t<div class=\"image-overlay-add image-cover\" style=\"padding-top:100%;\">\n\t\t\t\t<img loading=\"lazy\" decoding=\"async\" width=\"400\" height=\"400\" src=\"https:\/\/brandlaw.vn\/wp-content\/uploads\/2023\/04\/member-04-tram.png\" class=\"attachment- size-\" alt=\"Tr\u1ea7n Ng\u1ecdc Anh Tr\u00e2m Chuy\u00ean vi\u00ean C\u1eed nh\u00e2n Lu\u1eadt - h\u1ecdc vi\u00ean HVTP\" srcset=\"https:\/\/brandlaw.vn\/wp-content\/uploads\/2023\/04\/member-04-tram.png 400w, https:\/\/brandlaw.vn\/wp-content\/uploads\/2023\/04\/member-04-tram-300x300.png 300w, https:\/\/brandlaw.vn\/wp-content\/uploads\/2023\/04\/member-04-tram-150x150.png 150w\" sizes=\"auto, (max-width: 400px) 100vw, 400px\" title=\"\">\t\t\t\t<div class=\"overlay\" style=\"background-color:rgba(28, 28, 28, 0.5)\"><\/div>\t\t\t\t\t\t\t<\/div>\n\t\t\t\t\t<\/div>\n\n\t\t<div class=\"box-text show-on-hover hover-slide text-left\" style=\"padding:20px 20px 20px 20px;\">\n\t\t\t<div class=\"box-text-inner\">\n\t\t\t\t\n\n<p>Ms. Tran Ngoc Anh Tram has a Bachelor of Laws and 7 years of experience in the civil field. Her major is in Contracts, civil transactions on land use rights transfer, inheritance, marriage and family. She has just graduated from the Judicial Academy in the field of notary.<\/p>\n\n\t\t\t<\/div>\n\t\t<\/div>\n\t<\/div>\n\t\n\t<div id=\"gap-2070478186\" class=\"gap-element clearfix\" style=\"display:block; height:auto;\">\n\t\t\n<style>\n#gap-2070478186 {\n  padding-top: 20px;\n}\n<\/style>\n\t<\/div>\n\t\n\n\t<div id=\"text-2283643639\" class=\"text\">\n\t\t\n\n<p style=\"margin-bottom:0px;\">Specialist<\/p>\n\t\t\n<style>\n#text-2283643639 {\n  font-size: 0.85rem;\n}\n<\/style>\n\t<\/div>\n\t\n\t<div id=\"text-2004014790\" class=\"text\">\n\t\t\n\n<h3>Tran Ngoc Anh Tram\n<\/h3>\nBachelor of Laws \u2013 student of HVTP\n\t\t\n<style>\n#text-2004014790 {\n  font-size: 1rem;\n  line-height: 1;\n}\n<\/style>\n\t<\/div>\n\t\n<div class=\"social-icons follow-icons\" style=\"font-size:90%\"><a href=\"#\" target=\"_blank\" data-label=\"Twitter\" rel=\"noopener noreferrer nofollow\" class=\"icon plain  twitter tooltip\" title=\"Follow on Twitter\" aria-label=\"Follow on Twitter\"><i class=\"icon-twitter\" ><\/i><\/a><a href=\"tel:#\" target=\"_blank\" data-label=\"Phone\" rel=\"noopener noreferrer nofollow\" class=\"icon plain  phone tooltip\" title=\"Call us\" aria-label=\"Call us\"><i class=\"icon-phone\" ><\/i><\/a><a href=\"#\" target=\"_blank\" rel=\"noopener noreferrer nofollow\" data-label=\"LinkedIn\" class=\"icon plain  linkedin tooltip\" title=\"Follow on LinkedIn\" aria-label=\"Follow on LinkedIn\"><i class=\"icon-linkedin\" ><\/i><\/a><\/div>\n\n\n\t\t<\/div>\n\t\t\t\t\t<\/div>\n\n\t\n\n\t<div id=\"col-1404245691\" class=\"col medium-3 small-12 large-3\"  >\n\t\t\t\t<div class=\"col-inner text-left\"  >\n\t\t\t\n\t\t\t\n\n\t<div class=\"box has-hover   has-hover box-overlay dark box-text-bottom\" >\n\n\t\t<div class=\"box-image\" >\n\t\t\t\t\t\t<div class=\"image-overlay-add image-cover\" style=\"padding-top:100%;\">\n\t\t\t\t<img loading=\"lazy\" decoding=\"async\" width=\"400\" height=\"400\" src=\"https:\/\/brandlaw.vn\/wp-content\/uploads\/2023\/04\/member-04-dang-copy.png\" class=\"attachment- size-\" alt=\"L\u00ea B\u1ea3o H\u00e0 \u0110\u0103ng Chuy\u00ean vi\u00ean C\u1eed Nh\u00e2n Ch\u1ea5t l\u01b0\u1ee3ng Cao ng\u00e0nh Lu\u1eadt v\u00e0 Qu\u1ea3n Tr\u1ecb Kinh doanh\" srcset=\"https:\/\/brandlaw.vn\/wp-content\/uploads\/2023\/04\/member-04-dang-copy.png 400w, https:\/\/brandlaw.vn\/wp-content\/uploads\/2023\/04\/member-04-dang-copy-300x300.png 300w, https:\/\/brandlaw.vn\/wp-content\/uploads\/2023\/04\/member-04-dang-copy-150x150.png 150w\" sizes=\"auto, (max-width: 400px) 100vw, 400px\" title=\"\">\t\t\t\t<div class=\"overlay\" style=\"background-color:rgba(28, 28, 28, 0.5)\"><\/div>\t\t\t\t\t\t\t<\/div>\n\t\t\t\t\t<\/div>\n\n\t\t<div class=\"box-text show-on-hover hover-slide text-left\" style=\"padding:20px 20px 20px 20px;\">\n\t\t\t<div class=\"box-text-inner\">\n\t\t\t\t\n\n\n\n\t\t\t<\/div>\n\t\t<\/div>\n\t<\/div>\n\t\n\t<div id=\"gap-1774585370\" class=\"gap-element clearfix\" style=\"display:block; height:auto;\">\n\t\t\n<style>\n#gap-1774585370 {\n  padding-top: 20px;\n}\n<\/style>\n\t<\/div>\n\t\n\n\t<div id=\"text-561922520\" class=\"text\">\n\t\t\n\n<p style=\"margin-bottom:0px;\">Specialist<\/p>\n\t\t\n<style>\n#text-561922520 {\n  font-size: 0.85rem;\n}\n<\/style>\n\t<\/div>\n\t\n\t<div id=\"text-3114353487\" class=\"text\">\n\t\t\n\n<h3><span class=\"bdt-member-name\">Le Bao Ha Posted<\/span><\/h3>\n<div class=\"bdt-member-text bdt-content-wrap\">Bachelor of Law and Business Administration<\/div>\n\t\t\n<style>\n#text-3114353487 {\n  font-size: 1rem;\n  line-height: 1;\n  text-align: left;\n}\n<\/style>\n\t<\/div>\n\t\n<div class=\"social-icons follow-icons\" style=\"font-size:90%\"><a href=\"#\" target=\"_blank\" data-label=\"Twitter\" rel=\"noopener noreferrer nofollow\" class=\"icon plain  twitter tooltip\" title=\"Follow on Twitter\" aria-label=\"Follow on Twitter\"><i class=\"icon-twitter\" ><\/i><\/a><a href=\"tel:#\" target=\"_blank\" data-label=\"Phone\" rel=\"noopener noreferrer nofollow\" class=\"icon plain  phone tooltip\" title=\"Call us\" aria-label=\"Call us\"><i class=\"icon-phone\" ><\/i><\/a><a href=\"#\" target=\"_blank\" rel=\"noopener noreferrer nofollow\" data-label=\"LinkedIn\" class=\"icon plain  linkedin tooltip\" title=\"Follow on LinkedIn\" aria-label=\"Follow on LinkedIn\"><i class=\"icon-linkedin\" ><\/i><\/a><\/div>\n\n\n\t\t<\/div>\n\t\t\t\t\t<\/div>\n\n\t\n\n<\/div>\n\n\t\t<\/div>\n\n\t\t\n<style>\n#section_1880080863 {\n  padding-top: 80px;\n  padding-bottom: 80px;\n}\n#section_1880080863 .ux-shape-divider--top svg {\n  height: 150px;\n  --divider-top-width: 100%;\n}\n#section_1880080863 .ux-shape-divider--bottom svg {\n  height: 150px;\n  --divider-width: 100%;\n}\n<\/style>\n\t<\/section>","protected":false},"excerpt":{"rendered":"","protected":false},"author":1,"featured_media":0,"parent":2723,"menu_order":0,"comment_status":"closed","ping_status":"closed","template":"","meta":{"footnotes":""},"class_list":["post-4842","page","type-page","status-publish","hentry"],"_links":{"self":[{"href":"https:\/\/brandlaw.vn\/us\/wp-json\/wp\/v2\/pages\/4842","targetHints":{"allow":["GET"]}}],"collection":[{"href":"https:\/\/brandlaw.vn\/us\/wp-json\/wp\/v2\/pages"}],"about":[{"href":"https:\/\/brandlaw.vn\/us\/wp-json\/wp\/v2\/types\/page"}],"author":[{"embeddable":true,"href":"https:\/\/brandlaw.vn\/us\/wp-json\/wp\/v2\/users\/1"}],"replies":[{"embeddable":true,"href":"https:\/\/brandlaw.vn\/us\/wp-json\/wp\/v2\/comments?post=4842"}],"version-history":[{"count":0,"href":"https:\/\/brandlaw.vn\/us\/wp-json\/wp\/v2\/pages\/4842\/revisions"}],"up":[{"embeddable":true,"href":"https:\/\/brandlaw.vn\/us\/wp-json\/wp\/v2\/pages\/2723"}],"wp:attachment":[{"href":"https:\/\/brandlaw.vn\/us\/wp-json\/wp\/v2\/media?parent=4842"}],"curies":[{"name":"wp","href":"https:\/\/api.w.org\/{rel}","templated":true}]}}