{"id":4965,"date":"2023-07-06T16:55:35","date_gmt":"2023-07-06T09:55:35","guid":{"rendered":"https:\/\/brandlaw.vn\/?page_id=4965"},"modified":"2024-02-28T15:45:41","modified_gmt":"2024-02-28T08:45:41","slug":"team","status":"publish","type":"page","link":"https:\/\/brandlaw.vn\/us\/about-brandlaw\/team\/","title":{"rendered":"Team"},"content":{"rendered":"<section class=\"section\" id=\"section_1047438753\">\n\t\t<div class=\"bg section-bg fill bg-fill  bg-loaded\" >\n\n\t\t\t\n\t\t\t\n\t\t\t\n\n\t\t<\/div>\n\n\t\t\n\n\t\t<div class=\"section-content relative\">\n\t\t\t\n\n<div class=\"row\"  id=\"row-100208982\">\n\n\n\t<div id=\"col-282001465\" class=\"col small-12 large-12\"  >\n\t\t\t\t<div class=\"col-inner text-center\"  >\n\t\t\t\n\t\t\t\n\n<h2>MEET OUR SPECIALISTS AND LEGAL EXPERTISES<\/h2>\n<p>Our team of specialist are trained methodically, of which members have an intense legal qualification and multi-year experience.<\/p>\n\n\t\t<\/div>\n\t\t\t\t\t<\/div>\n\n\t\n\n<\/div>\n<div class=\"row\"  id=\"row-1890619634\">\n\n\n\t<div id=\"col-1485704412\" class=\"col medium-3 small-12 large-3\"  >\n\t\t\t\t<div class=\"col-inner text-left\"  >\n\t\t\t\n\t\t\t\n\n\t<div class=\"box has-hover   has-hover box-overlay dark box-text-bottom\" >\n\n\t\t<div class=\"box-image\" >\n\t\t\t\t\t\t<div class=\"image-overlay-add image-cover\" style=\"padding-top:100%;\">\n\t\t\t\t<img loading=\"lazy\" decoding=\"async\" width=\"400\" height=\"400\" src=\"https:\/\/brandlaw.vn\/wp-content\/uploads\/2023\/04\/member-01.png\" class=\"attachment- size-\" alt=\"Tr\u1ea7n \u0110\u1ee9c Hi\u1ec7p CEO - Gi\u00e1m \u0111\u1ed1c \u0111i\u1ec1u h\u00e0nh Th\u1ea1c s\u0129, Gi\u1ea3ng vi\u00ean Lu\u1eadt\" srcset=\"https:\/\/brandlaw.vn\/wp-content\/uploads\/2023\/04\/member-01.png 400w, https:\/\/brandlaw.vn\/wp-content\/uploads\/2023\/04\/member-01-300x300.png 300w, https:\/\/brandlaw.vn\/wp-content\/uploads\/2023\/04\/member-01-150x150.png 150w\" sizes=\"auto, (max-width: 400px) 100vw, 400px\" title=\"\">\t\t\t\t<div class=\"overlay\" style=\"background-color:rgba(28, 28, 28, 0.5)\"><\/div>\t\t\t\t\t\t\t<\/div>\n\t\t\t\t\t<\/div>\n\n\t\t<div class=\"box-text show-on-hover hover-slide text-left\" style=\"padding:20px 20px 20px 20px;\">\n\t\t\t<div class=\"box-text-inner\">\n\t\t\t\t\n\n<p>An expert with 14 years of practice in the field of management and consulting for large-scale organizations such as universities, hospitals, and businesses. In addition, he is also an authorized representative of many civil and commercial cases. He also participates in managing or teaching at many prestigious universities such as Ho Chi Minh City University of Law. HCM, Hoa Sen, Hong Bang, Binh Duong, Culture, Training Institute of Ho Chi Minh University of Economics.<\/p>\n<p>Mr. Hiep is a legal advisor in the fields of: Commercial, Civil, International<\/p>\n\n\t\t\t<\/div>\n\t\t<\/div>\n\t<\/div>\n\t\n\t<div id=\"gap-1774510074\" class=\"gap-element clearfix\" style=\"display:block; height:auto;\">\n\t\t\n<style>\n#gap-1774510074 {\n  padding-top: 20px;\n}\n<\/style>\n\t<\/div>\n\t\n\n\t<div id=\"text-1270759507\" class=\"text\">\n\t\t\n\n<p style=\"margin-bottom:0px;\">CEO and Founder<\/p>\n\t\t\n<style>\n#text-1270759507 {\n  font-size: 0.85rem;\n}\n<\/style>\n\t<\/div>\n\t\n\t<div id=\"text-3604412253\" class=\"text\">\n\t\t\n\n<h3>Mr.Tran Duc Hiep<\/h3>\n<h3><span style=\"font-size: 14.4px;\">LLM, Lecturer of Law<\/span><\/h3>\n\t\t\n<style>\n#text-3604412253 {\n  font-size: 1rem;\n  line-height: 1;\n}\n<\/style>\n\t<\/div>\n\t\n<div class=\"social-icons follow-icons\" style=\"font-size:90%\"><a href=\"#\" target=\"_blank\" data-label=\"Twitter\" rel=\"noopener noreferrer nofollow\" class=\"icon plain  twitter tooltip\" title=\"Follow on Twitter\" aria-label=\"Follow on Twitter\"><i class=\"icon-twitter\" ><\/i><\/a><a href=\"tel:#\" target=\"_blank\" data-label=\"Phone\" rel=\"noopener noreferrer nofollow\" class=\"icon plain  phone tooltip\" title=\"Call us\" aria-label=\"Call us\"><i class=\"icon-phone\" ><\/i><\/a><a href=\"#\" target=\"_blank\" rel=\"noopener noreferrer nofollow\" data-label=\"LinkedIn\" class=\"icon plain  linkedin tooltip\" title=\"Follow on LinkedIn\" aria-label=\"Follow on LinkedIn\"><i class=\"icon-linkedin\" ><\/i><\/a><\/div>\n\n\n\t\t<\/div>\n\t\t\t\t\t<\/div>\n\n\t\n\n\t<div id=\"col-1847035153\" class=\"col medium-3 small-12 large-3\"  >\n\t\t\t\t<div class=\"col-inner text-left\"  >\n\t\t\t\n\t\t\t\n\n\t<div class=\"box has-hover   has-hover box-overlay dark box-text-bottom\" >\n\n\t\t<div class=\"box-image\" >\n\t\t\t\t\t\t<div class=\"image-overlay-add image-cover\" style=\"padding-top:100%;\">\n\t\t\t\t<img loading=\"lazy\" decoding=\"async\" width=\"400\" height=\"400\" src=\"https:\/\/brandlaw.vn\/wp-content\/uploads\/2023\/04\/member-02.png\" class=\"attachment- size-\" alt=\"Nguy\u1ec5n V\u0103n Ti\u1ebfn CO Founder - \u0110\u1ed3ng s\u00e1ng l\u1eadp Lu\u1eadt s\u01b0 - C\u1ed1 v\u1ea5n\" srcset=\"https:\/\/brandlaw.vn\/wp-content\/uploads\/2023\/04\/member-02.png 400w, https:\/\/brandlaw.vn\/wp-content\/uploads\/2023\/04\/member-02-300x300.png 300w, https:\/\/brandlaw.vn\/wp-content\/uploads\/2023\/04\/member-02-150x150.png 150w\" sizes=\"auto, (max-width: 400px) 100vw, 400px\" title=\"\">\t\t\t\t<div class=\"overlay\" style=\"background-color:rgba(28, 28, 28, 0.5)\"><\/div>\t\t\t\t\t\t\t<\/div>\n\t\t\t\t\t<\/div>\n\n\t\t<div class=\"box-text show-on-hover hover-slide text-left\" style=\"padding:20px 20px 20px 20px;\">\n\t\t\t<div class=\"box-text-inner\">\n\t\t\t\t\n\n<p>Lawyer, Master of Law, Nguyen Van Tien is an expert with 15 years of practice experience in the field of consulting on civil and land cases; At the same time, he is a lawyer participating in defending litigants in criminal and civil cases.<\/p>\n\n\n\t\t\t<\/div>\n\t\t<\/div>\n\t<\/div>\n\t\n\t<div id=\"gap-906092715\" class=\"gap-element clearfix\" style=\"display:block; height:auto;\">\n\t\t\n<style>\n#gap-906092715 {\n  padding-top: 20px;\n}\n<\/style>\n\t<\/div>\n\t\n\n\t<div id=\"text-217810777\" class=\"text\">\n\t\t\n\n<p style=\"margin-bottom: 0px;\"><span class=\"bdt-member-role\">CO Founder\u00a0<\/span><\/p>\n\t\t\n<style>\n#text-217810777 {\n  font-size: 0.85rem;\n}\n<\/style>\n\t<\/div>\n\t\n\t<div id=\"text-3173041702\" class=\"text\">\n\t\t\n\n<h3>Mr.Nguyen Van Tien<\/h3>\n<div class=\"bdt-member-text bdt-content-wrap\">Lawyer, Consultant<\/div>\n\t\t\n<style>\n#text-3173041702 {\n  font-size: 1rem;\n  line-height: 1;\n}\n<\/style>\n\t<\/div>\n\t\n<div class=\"social-icons follow-icons\" style=\"font-size:90%\"><a href=\"#\" target=\"_blank\" data-label=\"Twitter\" rel=\"noopener noreferrer nofollow\" class=\"icon plain  twitter tooltip\" title=\"Follow on Twitter\" aria-label=\"Follow on Twitter\"><i class=\"icon-twitter\" ><\/i><\/a><a href=\"tel:#\" target=\"_blank\" data-label=\"Phone\" rel=\"noopener noreferrer nofollow\" class=\"icon plain  phone tooltip\" title=\"Call us\" aria-label=\"Call us\"><i class=\"icon-phone\" ><\/i><\/a><a href=\"#\" target=\"_blank\" rel=\"noopener noreferrer nofollow\" data-label=\"LinkedIn\" class=\"icon plain  linkedin tooltip\" title=\"Follow on LinkedIn\" aria-label=\"Follow on LinkedIn\"><i class=\"icon-linkedin\" ><\/i><\/a><\/div>\n\n\n\t\t<\/div>\n\t\t\t\t\t<\/div>\n\n\t\n\n\t<div id=\"col-1136068619\" class=\"col medium-3 small-12 large-3\"  >\n\t\t\t\t<div class=\"col-inner text-left\"  >\n\t\t\t\n\t\t\t\n\n\t<div class=\"box has-hover   has-hover box-overlay dark box-text-bottom\" >\n\n\t\t<div class=\"box-image\" >\n\t\t\t\t\t\t<div class=\"image-overlay-add image-cover\" style=\"padding-top:100%;\">\n\t\t\t\t<img loading=\"lazy\" decoding=\"async\" width=\"400\" height=\"400\" src=\"https:\/\/brandlaw.vn\/wp-content\/uploads\/2023\/04\/member-04-tram.png\" class=\"attachment- size-\" alt=\"Tr\u1ea7n Ng\u1ecdc Anh Tr\u00e2m Chuy\u00ean vi\u00ean C\u1eed nh\u00e2n Lu\u1eadt - h\u1ecdc vi\u00ean HVTP\" srcset=\"https:\/\/brandlaw.vn\/wp-content\/uploads\/2023\/04\/member-04-tram.png 400w, https:\/\/brandlaw.vn\/wp-content\/uploads\/2023\/04\/member-04-tram-300x300.png 300w, https:\/\/brandlaw.vn\/wp-content\/uploads\/2023\/04\/member-04-tram-150x150.png 150w\" sizes=\"auto, (max-width: 400px) 100vw, 400px\" title=\"\">\t\t\t\t<div class=\"overlay\" style=\"background-color:rgba(28, 28, 28, 0.5)\"><\/div>\t\t\t\t\t\t\t<\/div>\n\t\t\t\t\t<\/div>\n\n\t\t<div class=\"box-text show-on-hover hover-slide text-left\" style=\"padding:20px 20px 20px 20px;\">\n\t\t\t<div class=\"box-text-inner\">\n\t\t\t\t\n\n<p>Ms. Tran Ngoc Anh Tram is a bachelor of Law, with 7 years of experience practicing in the civil field. Her specialization is in Contracts, civil transactions on land use rights transfer, inheritance, marriage and family. She has just graduated from the Judicial Academy in the field of notary public.<\/p>\n\n\n\t\t\t<\/div>\n\t\t<\/div>\n\t<\/div>\n\t\n\t<div id=\"gap-1656902593\" class=\"gap-element clearfix\" style=\"display:block; height:auto;\">\n\t\t\n<style>\n#gap-1656902593 {\n  padding-top: 20px;\n}\n<\/style>\n\t<\/div>\n\t\n\n\t<div id=\"text-3085300884\" class=\"text\">\n\t\t\n\n<p style=\"margin-bottom: 0px;\">Legal expertise<\/p>\n\t\t\n<style>\n#text-3085300884 {\n  font-size: 0.85rem;\n}\n<\/style>\n\t<\/div>\n\t\n\t<div id=\"text-1736178993\" class=\"text\">\n\t\t\n\n<h3>Mrs.Tran Ngoc Anh Tram<\/h3>\n<p>LLB, Notary practice apprenticeship<\/p>\n\t\t\n<style>\n#text-1736178993 {\n  font-size: 1rem;\n  line-height: 1;\n}\n<\/style>\n\t<\/div>\n\t\n<div class=\"social-icons follow-icons\" style=\"font-size:90%\"><a href=\"#\" target=\"_blank\" data-label=\"Twitter\" rel=\"noopener noreferrer nofollow\" class=\"icon plain  twitter tooltip\" title=\"Follow on Twitter\" aria-label=\"Follow on Twitter\"><i class=\"icon-twitter\" ><\/i><\/a><a href=\"tel:#\" target=\"_blank\" data-label=\"Phone\" rel=\"noopener noreferrer nofollow\" class=\"icon plain  phone tooltip\" title=\"Call us\" aria-label=\"Call us\"><i class=\"icon-phone\" ><\/i><\/a><a href=\"#\" target=\"_blank\" rel=\"noopener noreferrer nofollow\" data-label=\"LinkedIn\" class=\"icon plain  linkedin tooltip\" title=\"Follow on LinkedIn\" aria-label=\"Follow on LinkedIn\"><i class=\"icon-linkedin\" ><\/i><\/a><\/div>\n\n\n\t\t<\/div>\n\t\t\t\t\t<\/div>\n\n\t\n\n\t<div id=\"col-350272600\" class=\"col medium-3 small-12 large-3\"  >\n\t\t\t\t<div class=\"col-inner text-left\"  >\n\t\t\t\n\t\t\t\n\n\t<div class=\"box has-hover   has-hover box-overlay dark box-text-bottom\" >\n\n\t\t<div class=\"box-image\" >\n\t\t\t\t\t\t<div class=\"image-overlay-add image-cover\" style=\"padding-top:100%;\">\n\t\t\t\t<img loading=\"lazy\" decoding=\"async\" width=\"400\" height=\"400\" src=\"https:\/\/brandlaw.vn\/wp-content\/uploads\/2023\/04\/member-04-dang-copy.png\" class=\"attachment- size-\" alt=\"L\u00ea B\u1ea3o H\u00e0 \u0110\u0103ng Chuy\u00ean vi\u00ean C\u1eed Nh\u00e2n Ch\u1ea5t l\u01b0\u1ee3ng Cao ng\u00e0nh Lu\u1eadt v\u00e0 Qu\u1ea3n Tr\u1ecb Kinh doanh\" srcset=\"https:\/\/brandlaw.vn\/wp-content\/uploads\/2023\/04\/member-04-dang-copy.png 400w, https:\/\/brandlaw.vn\/wp-content\/uploads\/2023\/04\/member-04-dang-copy-300x300.png 300w, https:\/\/brandlaw.vn\/wp-content\/uploads\/2023\/04\/member-04-dang-copy-150x150.png 150w\" sizes=\"auto, (max-width: 400px) 100vw, 400px\" title=\"\">\t\t\t\t<div class=\"overlay\" style=\"background-color:rgba(28, 28, 28, 0.5)\"><\/div>\t\t\t\t\t\t\t<\/div>\n\t\t\t\t\t<\/div>\n\n\t\t<div class=\"box-text show-on-hover hover-slide text-left\" style=\"padding:20px 20px 20px 20px;\">\n\t\t\t<div class=\"box-text-inner\">\n\t\t\t\t\n\n\n\n\t\t\t<\/div>\n\t\t<\/div>\n\t<\/div>\n\t\n\t<div id=\"gap-1833725649\" class=\"gap-element clearfix\" style=\"display:block; height:auto;\">\n\t\t\n<style>\n#gap-1833725649 {\n  padding-top: 20px;\n}\n<\/style>\n\t<\/div>\n\t\n\n\t<div id=\"text-3035566434\" class=\"text\">\n\t\t\n\n<p style=\"margin-bottom: 0px;\">Legal Expertise<\/p>\n\t\t\n<style>\n#text-3035566434 {\n  font-size: 0.85rem;\n}\n<\/style>\n\t<\/div>\n\t\n\t<div id=\"text-4079302937\" class=\"text\">\n\t\t\n\n<h3>Mr.Le Bao Ha Dang<\/h3>\n<div class=\"bdt-member-text bdt-content-wrap\">LLB<\/div>\n\t\t\n<style>\n#text-4079302937 {\n  font-size: 1rem;\n  line-height: 1;\n  text-align: left;\n}\n<\/style>\n\t<\/div>\n\t\n<div class=\"social-icons follow-icons\" style=\"font-size:90%\"><a href=\"#\" target=\"_blank\" data-label=\"Twitter\" rel=\"noopener noreferrer nofollow\" class=\"icon plain  twitter tooltip\" title=\"Follow on Twitter\" aria-label=\"Follow on Twitter\"><i class=\"icon-twitter\" ><\/i><\/a><a href=\"tel:#\" target=\"_blank\" data-label=\"Phone\" rel=\"noopener noreferrer nofollow\" class=\"icon plain  phone tooltip\" title=\"Call us\" aria-label=\"Call us\"><i class=\"icon-phone\" ><\/i><\/a><a href=\"#\" target=\"_blank\" rel=\"noopener noreferrer nofollow\" data-label=\"LinkedIn\" class=\"icon plain  linkedin tooltip\" title=\"Follow on LinkedIn\" aria-label=\"Follow on LinkedIn\"><i class=\"icon-linkedin\" ><\/i><\/a><\/div>\n\n\n\t\t<\/div>\n\t\t\t\t\t<\/div>\n\n\t\n\n<\/div>\n\n\t\t<\/div>\n\n\t\t\n<style>\n#section_1047438753 {\n  padding-top: 80px;\n  padding-bottom: 80px;\n}\n#section_1047438753 .ux-shape-divider--top svg {\n  height: 150px;\n  --divider-top-width: 100%;\n}\n#section_1047438753 .ux-shape-divider--bottom svg {\n  height: 150px;\n  --divider-width: 100%;\n}\n<\/style>\n\t<\/section>","protected":false},"excerpt":{"rendered":"","protected":false},"author":1,"featured_media":0,"parent":4958,"menu_order":0,"comment_status":"closed","ping_status":"closed","template":"","meta":{"footnotes":""},"class_list":["post-4965","page","type-page","status-publish","hentry"],"_links":{"self":[{"href":"https:\/\/brandlaw.vn\/us\/wp-json\/wp\/v2\/pages\/4965","targetHints":{"allow":["GET"]}}],"collection":[{"href":"https:\/\/brandlaw.vn\/us\/wp-json\/wp\/v2\/pages"}],"about":[{"href":"https:\/\/brandlaw.vn\/us\/wp-json\/wp\/v2\/types\/page"}],"author":[{"embeddable":true,"href":"https:\/\/brandlaw.vn\/us\/wp-json\/wp\/v2\/users\/1"}],"replies":[{"embeddable":true,"href":"https:\/\/brandlaw.vn\/us\/wp-json\/wp\/v2\/comments?post=4965"}],"version-history":[{"count":0,"href":"https:\/\/brandlaw.vn\/us\/wp-json\/wp\/v2\/pages\/4965\/revisions"}],"up":[{"embeddable":true,"href":"https:\/\/brandlaw.vn\/us\/wp-json\/wp\/v2\/pages\/4958"}],"wp:attachment":[{"href":"https:\/\/brandlaw.vn\/us\/wp-json\/wp\/v2\/media?parent=4965"}],"curies":[{"name":"wp","href":"https:\/\/api.w.org\/{rel}","templated":true}]}}